{"id":19178,"date":"2024-10-01T10:07:57","date_gmt":"2024-10-01T09:07:57","guid":{"rendered":"https:\/\/www.fietsverhuurtexel.nl\/?page_id=19178"},"modified":"2025-03-01T15:33:05","modified_gmt":"2025-03-01T14:33:05","slug":"fahrradlieferung","status":"publish","type":"page","link":"https:\/\/www.fietsverhuurtexel.nl\/de\/fahrradlieferung\/","title":{"rendered":"Fahrradlieferung"},"content":{"rendered":"<p><a class=\"button\" style=\"padding: 10px 20px;font-size: 14px\" href=\"https:\/\/shop.tilia.app\/23\/fietsverhuurtexel\">Fahrrad an der F\u00e4hrhafen abholen<\/a><\/p>\n<p style=\"font-size: 14px;color: #555\">&#8222;Direkt von der F\u00e4hre aufs Fahrrad!&#8220;<br \/>\nStandort: F\u00e4hrhafen, Abholzeiten: 9:00 &#8211; 17:00, R\u00fcckgabe: 21:00<\/p>\n<p>&nbsp;<\/p>\n<p style=\"font-size: 14px;color: #555\"><a class=\"button\" style=\"padding: 10px 20px;font-size: 14px\" href=\"https:\/\/shop.tilia.app\/23\/fietsverhuurtexel\">Fahrr\u00e4der liefern lassen<\/a><\/p>\n<p style=\"font-size: 14px;color: #555\">Reservieren Sie \u00fcber das Modul und kontaktieren Sie uns anschlie\u00dfend per E-Mail mit Ihrer Reservierungsnummer.<br \/>\nIst eine Lieferung an Ihre Unterkunft nicht m\u00f6glich? Keine Sorge, wir liefern auf ganz Texel.<br \/>\nW\u00e4hlen Sie als Lieferadresse &#8222;Dagje Texel&#8220; und senden Sie uns nach der Reservierung die korrekten Adressdaten per E-Mail.&nbsp;<\/p>\n<p>t&gt;<\/p>\n","protected":false},"excerpt":{"rendered":"<p>Fahrrad an der F\u00e4hrhafen abholen &#8222;Direkt von der F\u00e4hre aufs Fahrrad!&#8220; Standort: F\u00e4hrhafen, Abholzeiten: 9:00 &#8211; 17:00, R\u00fcckgabe: 21:00 &nbsp; Fahrr\u00e4der liefern lassen Reservieren Sie \u00fcber das Modul und kontaktieren Sie uns anschlie\u00dfend per E-Mail mit Ihrer Reservierungsnummer. Ist eine Lieferung an Ihre Unterkunft nicht m\u00f6glich? Keine Sorge, wir liefern auf ganz Texel. W\u00e4hlen Sie [&hellip;]<\/p>\n","protected":false},"author":8,"featured_media":0,"parent":0,"menu_order":0,"comment_status":"closed","ping_status":"closed","template":"","meta":{"_seopress_robots_primary_cat":"","_seopress_titles_title":"","_seopress_titles_desc":"","_seopress_robots_index":"","_genesis_hide_title":false,"_genesis_hide_breadcrumbs":false,"_genesis_hide_singular_image":false,"_genesis_hide_footer_widgets":false,"_genesis_custom_body_class":"","_genesis_custom_post_class":"","_genesis_layout":"","ngg_post_thumbnail":0,"_joinchat":[],"footnotes":""},"class_list":{"0":"post-19178","1":"page","2":"type-page","3":"status-publish","5":"entry"},"_links":{"self":[{"href":"https:\/\/www.fietsverhuurtexel.nl\/de\/wp-json\/wp\/v2\/pages\/19178","targetHints":{"allow":["GET"]}}],"collection":[{"href":"https:\/\/www.fietsverhuurtexel.nl\/de\/wp-json\/wp\/v2\/pages"}],"about":[{"href":"https:\/\/www.fietsverhuurtexel.nl\/de\/wp-json\/wp\/v2\/types\/page"}],"author":[{"embeddable":true,"href":"https:\/\/www.fietsverhuurtexel.nl\/de\/wp-json\/wp\/v2\/users\/8"}],"replies":[{"embeddable":true,"href":"https:\/\/www.fietsverhuurtexel.nl\/de\/wp-json\/wp\/v2\/comments?post=19178"}],"version-history":[{"count":2,"href":"https:\/\/www.fietsverhuurtexel.nl\/de\/wp-json\/wp\/v2\/pages\/19178\/revisions"}],"predecessor-version":[{"id":19432,"href":"https:\/\/www.fietsverhuurtexel.nl\/de\/wp-json\/wp\/v2\/pages\/19178\/revisions\/19432"}],"wp:attachment":[{"href":"https:\/\/www.fietsverhuurtexel.nl\/de\/wp-json\/wp\/v2\/media?parent=19178"}],"curies":[{"name":"wp","href":"https:\/\/api.w.org\/{rel}","templated":true}]}}