{"id":19147,"date":"2024-09-27T13:07:40","date_gmt":"2024-09-27T12:07:40","guid":{"rendered":"https:\/\/www.fietsverhuurtexel.nl\/?page_id=19147"},"modified":"2025-02-15T11:55:13","modified_gmt":"2025-02-15T10:55:13","slug":"pickup-faehrterminal","status":"publish","type":"page","link":"https:\/\/www.fietsverhuurtexel.nl\/de\/pickup-faehrterminal\/","title":{"rendered":"Pickup F\u00e4hrterminal"},"content":{"rendered":"<h3>Fahrr\u00e4der mieten und abholen am Veerhaven<\/h3>\n<p>M\u00f6chten Sie Fahrr\u00e4der mieten und diese am Veerhaven abholen? Kein Problem! Sie finden uns direkt am Veerhaven, sobald Sie von der F\u00e4hre kommen.<\/p>\n<h4>Am Veerhaven, &#8218;t Horntje:<\/h4>\n<p>Pontweg 2<br \/>1797 SR Den Hoorn<\/p>\n<p>Parken ist hier kostenlos.<\/p>\n<p><img loading=\"lazy\" decoding=\"async\" class=\"alignnone wp-image-17395 size-large\" src=\"https:\/\/www.fietsverhuurtexel.nl\/wp-content\/uploads\/2020\/09\/FietsverhuurVeerhavenTexel-pand-1024x683.jpg\" alt=\"Fahrradverleih Veerhaven Texel\" width=\"1024\" height=\"683\" srcset=\"https:\/\/www.fietsverhuurtexel.nl\/wp-content\/uploads\/2020\/09\/FietsverhuurVeerhavenTexel-pand-1024x683.jpg 1024w, https:\/\/www.fietsverhuurtexel.nl\/wp-content\/uploads\/2020\/09\/FietsverhuurVeerhavenTexel-pand-300x200.jpg 300w, https:\/\/www.fietsverhuurtexel.nl\/wp-content\/uploads\/2020\/09\/FietsverhuurVeerhavenTexel-pand-768x512.jpg 768w, https:\/\/www.fietsverhuurtexel.nl\/wp-content\/uploads\/2020\/09\/FietsverhuurVeerhavenTexel-pand-1536x1024.jpg 1536w, https:\/\/www.fietsverhuurtexel.nl\/wp-content\/uploads\/2020\/09\/FietsverhuurVeerhavenTexel-pand.jpg 1600w\" sizes=\"auto, (max-width: 1024px) 100vw, 1024px\" \/><\/p>\n<p><strong>Kontaktinformationen:<\/strong><br \/>\nTel. 0222-319588 bis 18:00 Uhr<br \/>\nWhatsapp: 0647430768 (nur f\u00fcr WhatsApp)<br \/>\nE-Mail: <a href=\"mailto:info@fietsverhuurtexel.nl\">info@fietsverhuurtexel.nl<\/a><\/p>\n","protected":false},"excerpt":{"rendered":"<p>Fahrr\u00e4der mieten und abholen am Veerhaven M\u00f6chten Sie Fahrr\u00e4der mieten und diese am Veerhaven abholen? Kein Problem! Sie finden uns direkt am Veerhaven, sobald Sie von der F\u00e4hre kommen. Am Veerhaven, &#8218;t Horntje: Pontweg 21797 SR Den Hoorn Parken ist hier kostenlos. Kontaktinformationen: Tel. 0222-319588 bis 18:00 Uhr Whatsapp: 0647430768 (nur f\u00fcr WhatsApp) E-Mail: info@fietsverhuurtexel.nl<\/p>\n","protected":false},"author":8,"featured_media":0,"parent":0,"menu_order":0,"comment_status":"closed","ping_status":"closed","template":"","meta":{"_seopress_robots_primary_cat":"","_seopress_titles_title":"","_seopress_titles_desc":"","_seopress_robots_index":"","_genesis_hide_title":false,"_genesis_hide_breadcrumbs":false,"_genesis_hide_singular_image":false,"_genesis_hide_footer_widgets":false,"_genesis_custom_body_class":"","_genesis_custom_post_class":"","_genesis_layout":"","ngg_post_thumbnail":0,"_joinchat":[],"footnotes":""},"class_list":{"0":"post-19147","1":"page","2":"type-page","3":"status-publish","5":"entry"},"_links":{"self":[{"href":"https:\/\/www.fietsverhuurtexel.nl\/de\/wp-json\/wp\/v2\/pages\/19147","targetHints":{"allow":["GET"]}}],"collection":[{"href":"https:\/\/www.fietsverhuurtexel.nl\/de\/wp-json\/wp\/v2\/pages"}],"about":[{"href":"https:\/\/www.fietsverhuurtexel.nl\/de\/wp-json\/wp\/v2\/types\/page"}],"author":[{"embeddable":true,"href":"https:\/\/www.fietsverhuurtexel.nl\/de\/wp-json\/wp\/v2\/users\/8"}],"replies":[{"embeddable":true,"href":"https:\/\/www.fietsverhuurtexel.nl\/de\/wp-json\/wp\/v2\/comments?post=19147"}],"version-history":[{"count":2,"href":"https:\/\/www.fietsverhuurtexel.nl\/de\/wp-json\/wp\/v2\/pages\/19147\/revisions"}],"predecessor-version":[{"id":19415,"href":"https:\/\/www.fietsverhuurtexel.nl\/de\/wp-json\/wp\/v2\/pages\/19147\/revisions\/19415"}],"wp:attachment":[{"href":"https:\/\/www.fietsverhuurtexel.nl\/de\/wp-json\/wp\/v2\/media?parent=19147"}],"curies":[{"name":"wp","href":"https:\/\/api.w.org\/{rel}","templated":true}]}}