{"id":18073,"date":"2021-10-14T16:49:06","date_gmt":"2021-10-14T15:49:06","guid":{"rendered":"https:\/\/www.fietsverhuurtexel.nl\/?page_id=18073"},"modified":"2021-10-14T16:49:06","modified_gmt":"2021-10-14T15:49:06","slug":"danke-fuer-ihre-anfrage","status":"publish","type":"page","link":"https:\/\/www.fietsverhuurtexel.nl\/de\/danke-fuer-ihre-anfrage\/","title":{"rendered":"Danke f\u00fcr Ihre Anfrage"},"content":{"rendered":"<p>Vielen Dank f\u00fcr Ihre <strong>Reservierungsanfrage Location de Cocksdorp.<\/strong><\/p>\n<p>Ihre Anfrage wird so schnell wie m\u00f6glich, sp\u00e4testens jedoch innerhalb von 1 Werktag beantwortet.<br \/>\nSind die von Ihnen gew\u00fcnschten Fahrr\u00e4der verf\u00fcgbar, erhalten Sie eine Reservierungsbest\u00e4tigung per E-Mail mit einem Zahlungslink.<br \/>\nDieser Antrags- und Zahlungslink sind dann bis 23:59 Uhr g\u00fcltig.<\/p>\n<p>Freundliche Gr\u00fc\u00dfe,<br \/>\nFahrradverleih Veerhaven Texel<\/p>\n","protected":false},"excerpt":{"rendered":"<p>Vielen Dank f\u00fcr Ihre Reservierungsanfrage Location de Cocksdorp. Ihre Anfrage wird so schnell wie m\u00f6glich, sp\u00e4testens jedoch innerhalb von 1 Werktag beantwortet. Sind die von Ihnen gew\u00fcnschten Fahrr\u00e4der verf\u00fcgbar, erhalten Sie eine Reservierungsbest\u00e4tigung per E-Mail mit einem Zahlungslink. Dieser Antrags- und Zahlungslink sind dann bis 23:59 Uhr g\u00fcltig. Freundliche Gr\u00fc\u00dfe, Fahrradverleih Veerhaven Texel<\/p>\n","protected":false},"author":8,"featured_media":0,"parent":0,"menu_order":0,"comment_status":"closed","ping_status":"closed","template":"","meta":{"_seopress_robots_primary_cat":"","_seopress_titles_title":"","_seopress_titles_desc":"","_seopress_robots_index":"","_genesis_hide_title":false,"_genesis_hide_breadcrumbs":false,"_genesis_hide_singular_image":false,"_genesis_hide_footer_widgets":false,"_genesis_custom_body_class":"","_genesis_custom_post_class":"","_genesis_layout":"","ngg_post_thumbnail":0,"_joinchat":[],"footnotes":""},"class_list":{"0":"post-18073","1":"page","2":"type-page","3":"status-publish","5":"entry"},"_links":{"self":[{"href":"https:\/\/www.fietsverhuurtexel.nl\/de\/wp-json\/wp\/v2\/pages\/18073","targetHints":{"allow":["GET"]}}],"collection":[{"href":"https:\/\/www.fietsverhuurtexel.nl\/de\/wp-json\/wp\/v2\/pages"}],"about":[{"href":"https:\/\/www.fietsverhuurtexel.nl\/de\/wp-json\/wp\/v2\/types\/page"}],"author":[{"embeddable":true,"href":"https:\/\/www.fietsverhuurtexel.nl\/de\/wp-json\/wp\/v2\/users\/8"}],"replies":[{"embeddable":true,"href":"https:\/\/www.fietsverhuurtexel.nl\/de\/wp-json\/wp\/v2\/comments?post=18073"}],"version-history":[{"count":0,"href":"https:\/\/www.fietsverhuurtexel.nl\/de\/wp-json\/wp\/v2\/pages\/18073\/revisions"}],"wp:attachment":[{"href":"https:\/\/www.fietsverhuurtexel.nl\/de\/wp-json\/wp\/v2\/media?parent=18073"}],"curies":[{"name":"wp","href":"https:\/\/api.w.org\/{rel}","templated":true}]}}