{"id":17209,"date":"2020-09-16T14:21:11","date_gmt":"2020-09-16T13:21:11","guid":{"rendered":"https:\/\/www.fietsverhuurtexel.nl\/?page_id=17209"},"modified":"2021-10-14T15:16:06","modified_gmt":"2021-10-14T14:16:06","slug":"reservierungsanfrage-e-cargo-bike","status":"publish","type":"page","link":"https:\/\/www.fietsverhuurtexel.nl\/de\/reservierungsanfrage-e-cargo-bike\/","title":{"rendered":"Reservierungsanfrage E-Cargo-Bike"},"content":{"rendered":"<ul>\n<li>Mit diesem Formular k\u00f6nnen Sie ein E-Cargo-Bike <strong>reservieren<\/strong><\/li>\n<li>Wenn das E-Cargo-Bike verf\u00fcgbar ist, erhalten Sie innerhalb von 24 Stunden eine E-Mail mit einer Reservierungsnummer und einem Zahlungslink<\/li>\n<li>Nach der Bezahlung ist das E-Cargo-Bike f\u00fcr Sie reserviert<\/li>\n<li>Der Antrag ist g\u00fcltig bis 23:59 Uhr an dem Tag, an dem Sie die E-Mail mit dem Zahlungslink erhalten<\/li>\n<\/ul>\n<h2>Sie k\u00f6nnen nicht:<\/h2>\n<ul>\n<li>Sie d\u00fcrfen <strong>keine Hunde<\/strong> in diesem E-Cargo-Bike transportieren.<br \/>\n(Suchen Sie ein E-Cargo-Bike, mit dem Sie Ihren Hund transportieren k\u00f6nnen? \u00dcberpr\u00fcfen Sie hier die <a href=\"https:\/\/txveerhaven0001.cyclerent.com\/Regform.aspx\" target=\"_blank\" rel=\"noopener noreferrer\" class=\"broken_link\">Verf\u00fcgbarkeit<\/a>)<\/li>\n<li>Wir <strong>vermieten nicht<\/strong> an Junggesellenabschiede<\/li>\n<\/ul>\n<p>Sollte sich bei der Abholung der Fahrr\u00e4der herausstellen, dass es sich um Junggesellenabschiede und\/oder Hunde handelt, werden wir die Reservierung ohne R\u00fcckerstattung des Mietpreises stornieren.<\/p>\n<p><img loading=\"lazy\" decoding=\"async\" class=\"alignnone size-large wp-image-17126\" src=\"https:\/\/www.fietsverhuurtexel.nl\/wp-content\/uploads\/2020\/09\/FVT-elektrische-bakfietsen-1024x461.jpg\" alt=\"Elektrische bakfietsen huren bij Fietsverhuur Texel\" width=\"1024\" height=\"461\" srcset=\"https:\/\/www.fietsverhuurtexel.nl\/wp-content\/uploads\/2020\/09\/FVT-elektrische-bakfietsen-1024x461.jpg 1024w, https:\/\/www.fietsverhuurtexel.nl\/wp-content\/uploads\/2020\/09\/FVT-elektrische-bakfietsen-300x135.jpg 300w, https:\/\/www.fietsverhuurtexel.nl\/wp-content\/uploads\/2020\/09\/FVT-elektrische-bakfietsen-768x346.jpg 768w, https:\/\/www.fietsverhuurtexel.nl\/wp-content\/uploads\/2020\/09\/FVT-elektrische-bakfietsen.jpg 1422w\" sizes=\"auto, (max-width: 1024px) 100vw, 1024px\" \/><\/p>\n<h2>Lieferung<\/h2>\n<ul>\n<li>F\u00fcr die Lieferung von E-Cargo-Bikes berechnen wir \u20ac 20,-<\/li>\n<li>Wir liefern E-Cargo-Bikes zwischen 13.30 und 16.30 Uhr<\/li>\n<li>Sie erhalten sp\u00e4testens 2 Tage vor Mietbeginn eine E-Mail mit einem Zeitplan<\/li>\n<li>Wir berechnen eine <strong>Kaution von 100 \u20ac<\/strong> pro E-Cargo-Bike<\/li>\n<\/ul>\n\n","protected":false},"excerpt":{"rendered":"<p>Mit diesem Formular k\u00f6nnen Sie ein E-Cargo-Bike reservieren Wenn das E-Cargo-Bike verf\u00fcgbar ist, erhalten Sie innerhalb von 24 Stunden eine E-Mail mit einer Reservierungsnummer und einem Zahlungslink Nach der Bezahlung ist das E-Cargo-Bike f\u00fcr Sie reserviert Der Antrag ist g\u00fcltig bis 23:59 Uhr an dem Tag, an dem Sie die E-Mail mit dem Zahlungslink erhalten [&hellip;]<\/p>\n","protected":false},"author":8,"featured_media":0,"parent":0,"menu_order":0,"comment_status":"closed","ping_status":"closed","template":"","meta":{"_seopress_robots_primary_cat":"","_seopress_titles_title":"","_seopress_titles_desc":"","_seopress_robots_index":"","_genesis_hide_title":false,"_genesis_hide_breadcrumbs":false,"_genesis_hide_singular_image":false,"_genesis_hide_footer_widgets":false,"_genesis_custom_body_class":"","_genesis_custom_post_class":"","_genesis_layout":"","ngg_post_thumbnail":0,"_joinchat":[],"footnotes":""},"class_list":{"0":"post-17209","1":"page","2":"type-page","3":"status-publish","5":"entry","6":"has-post-thumbnail"},"_links":{"self":[{"href":"https:\/\/www.fietsverhuurtexel.nl\/de\/wp-json\/wp\/v2\/pages\/17209","targetHints":{"allow":["GET"]}}],"collection":[{"href":"https:\/\/www.fietsverhuurtexel.nl\/de\/wp-json\/wp\/v2\/pages"}],"about":[{"href":"https:\/\/www.fietsverhuurtexel.nl\/de\/wp-json\/wp\/v2\/types\/page"}],"author":[{"embeddable":true,"href":"https:\/\/www.fietsverhuurtexel.nl\/de\/wp-json\/wp\/v2\/users\/8"}],"replies":[{"embeddable":true,"href":"https:\/\/www.fietsverhuurtexel.nl\/de\/wp-json\/wp\/v2\/comments?post=17209"}],"version-history":[{"count":0,"href":"https:\/\/www.fietsverhuurtexel.nl\/de\/wp-json\/wp\/v2\/pages\/17209\/revisions"}],"wp:attachment":[{"href":"https:\/\/www.fietsverhuurtexel.nl\/de\/wp-json\/wp\/v2\/media?parent=17209"}],"curies":[{"name":"wp","href":"https:\/\/api.w.org\/{rel}","templated":true}]}}