{"id":17203,"date":"2020-09-16T13:06:00","date_gmt":"2020-09-16T12:06:00","guid":{"rendered":"https:\/\/www.fietsverhuurtexel.nl\/?page_id=17203"},"modified":"2021-10-14T09:08:58","modified_gmt":"2021-10-14T08:08:58","slug":"danke","status":"publish","type":"page","link":"https:\/\/www.fietsverhuurtexel.nl\/de\/danke\/","title":{"rendered":"Danke"},"content":{"rendered":"<p>Vielen Dank f\u00fcr Ihre <strong>Reservierungsanfrage f\u00fcr ein elektrisches Cargo-Bike<\/strong>.<\/p>\n<p>Ihre Anfrage wird so schnell wie m\u00f6glich, sp\u00e4testens jedoch 1 Werktag beantwortet.<br \/>\nWenn das E-Cargo-Fahrrad verf\u00fcgbar ist, erhalten Sie per E-Mail eine Buchungsbest\u00e4tigung mit einem Zahlungslink.<br \/>\nDiese Anfrage und der Zahlungslink sind bis zum 23.59 g\u00fcltig.<\/p>\n<p>Freundliche Gr\u00fc\u00dfe,<br \/>\nFahrradverleih Veerhaven Texel<\/p>\n","protected":false},"excerpt":{"rendered":"<p>Vielen Dank f\u00fcr Ihre Reservierungsanfrage f\u00fcr ein elektrisches Cargo-Bike. Ihre Anfrage wird so schnell wie m\u00f6glich, sp\u00e4testens jedoch 1 Werktag beantwortet. Wenn das E-Cargo-Fahrrad verf\u00fcgbar ist, erhalten Sie per E-Mail eine Buchungsbest\u00e4tigung mit einem Zahlungslink. Diese Anfrage und der Zahlungslink sind bis zum 23.59 g\u00fcltig. Freundliche Gr\u00fc\u00dfe, Fahrradverleih Veerhaven Texel<\/p>\n","protected":false},"author":8,"featured_media":0,"parent":0,"menu_order":0,"comment_status":"closed","ping_status":"closed","template":"","meta":{"_seopress_robots_primary_cat":"","_seopress_titles_title":"","_seopress_titles_desc":"","_seopress_robots_index":"","_genesis_hide_title":false,"_genesis_hide_breadcrumbs":false,"_genesis_hide_singular_image":false,"_genesis_hide_footer_widgets":false,"_genesis_custom_body_class":"","_genesis_custom_post_class":"","_genesis_layout":"","ngg_post_thumbnail":0,"_joinchat":[],"footnotes":""},"class_list":{"0":"post-17203","1":"page","2":"type-page","3":"status-publish","5":"entry"},"_links":{"self":[{"href":"https:\/\/www.fietsverhuurtexel.nl\/de\/wp-json\/wp\/v2\/pages\/17203","targetHints":{"allow":["GET"]}}],"collection":[{"href":"https:\/\/www.fietsverhuurtexel.nl\/de\/wp-json\/wp\/v2\/pages"}],"about":[{"href":"https:\/\/www.fietsverhuurtexel.nl\/de\/wp-json\/wp\/v2\/types\/page"}],"author":[{"embeddable":true,"href":"https:\/\/www.fietsverhuurtexel.nl\/de\/wp-json\/wp\/v2\/users\/8"}],"replies":[{"embeddable":true,"href":"https:\/\/www.fietsverhuurtexel.nl\/de\/wp-json\/wp\/v2\/comments?post=17203"}],"version-history":[{"count":0,"href":"https:\/\/www.fietsverhuurtexel.nl\/de\/wp-json\/wp\/v2\/pages\/17203\/revisions"}],"wp:attachment":[{"href":"https:\/\/www.fietsverhuurtexel.nl\/de\/wp-json\/wp\/v2\/media?parent=17203"}],"curies":[{"name":"wp","href":"https:\/\/api.w.org\/{rel}","templated":true}]}}