{"id":16899,"date":"2020-03-20T17:05:54","date_gmt":"2020-03-20T16:05:54","guid":{"rendered":"https:\/\/www.fietsverhuurtexel.nl\/?page_id=16899"},"modified":"2025-04-01T11:30:27","modified_gmt":"2025-04-01T10:30:27","slug":"information-kontakt","status":"publish","type":"page","link":"https:\/\/www.fietsverhuurtexel.nl\/de\/information-kontakt\/","title":{"rendered":"Information &amp; Kontakt"},"content":{"rendered":"<p><strong>Fietsverhuur Veerhaven Texel<\/strong><br \/>\n<strong>Pontweg 2<\/strong><br \/>\n<strong>1797 SR Den Hoorn<br \/>\nDie Niederlande<\/strong><\/p>\n<p>Tel. 0031-0222-319588<br \/>\nWhatsApp Business: <a href=\"https:\/\/wa.me\/31647430768?text=Ik%20zoek%20contact%20met%20Fietsverhuur%20Veerhaven%20Texel\">Stuur ons WhatsApp bericht<\/a><br \/>\nE-Mail: <a href=\"mailto:info@fietsverhuurtexel.nl\">info@fietsverhuurtexel.nl<\/a><\/p>\n<h2>\u00d6ffnungszeiten<\/h2>\n<table>\n<tbody>\n<tr>\n<th>Monat<\/th>\n<th>pro Woche<\/th>\n<th>ge\u00f6ffnet<\/th>\n<\/tr>\n<tr>\n<td>M\u00e4rz<\/td>\n<td>7 Tage<\/td>\n<td>8.50 Uhr &#8211; 17.00 Uhr<\/td>\n<\/tr>\n<tr>\n<td>April bis zum Sept<\/td>\n<td>7 Tage<\/td>\n<td>8.50 Uhr &#8211; 17.00 Uhr<\/td>\n<\/tr>\n<tr>\n<td>Oct<\/td>\n<td>7 Tage<\/td>\n<td>8.50 Uhr &#8211; 17.00 Uhr<\/td>\n<\/tr>\n<tr>\n<td>Nov bis zum Feb<\/td>\n<td>6 Tage<br \/>\nSonntag geschlossen<\/td>\n<td>8.50 Uhr &#8211; 17.00 Uhr (Mo \/ Fr)<br \/>\n8.50 Uhr &#8211; 17.00 Uhr (Samstag)<\/td>\n<\/tr>\n<\/tbody>\n<\/table>\n<h2>Wie sp\u00e4t muss ich mein Fahrrad zur\u00fcckbringen??<\/h2>\n<p>Das Zur\u00fcckbringen der Fahrr\u00e4der (ausgenommen sind Scooter und Solexe) ist NICHT von den \u00d6ffnungszeiten abh\u00e4ngig. Wenn wir jedoch geschlossen haben, erfolgt die R\u00fcckgabe auf eigene Gefahr.<\/p>\n<p><strong>Sie d\u00fcrfen Fahrr\u00e4der bis zu dem Zeitpunkt, an dem das Boot wegf\u00e4hrt, mieten. Dies ist um 21.00 Uhr!*<\/strong><\/p>\n<p>*Scooters und Solexe m\u00fcssen allerdings bis sp\u00e4testens 18:00 Uhr zur\u00fcckgebracht werden, au\u00dfer, es wurde etwas anderes vereinbart.<\/p>\n<h2>Legitimation<\/h2>\n<p>Bei der Vermietung eines oder mehrerer Fahrr\u00e4der bitten wir Sie, einen <strong>g\u00fcltigen Ausweis <\/strong>vorzulegen. Bei der Anmietung eines Scooters bitten wir Sie, einen g\u00fcltigen <strong>F\u00fchrerschein<\/strong> vorzulegen.<\/p>\n<h2>Was mache ich bei einer Panne?<\/h2>\n<p>Kein Problem, wir bieten Ihnen ein&nbsp;<strong>Pannenservice<\/strong><strong>!<\/strong><br \/>\nFalls Sie unterwegs eine Panne haben, <strong>rufen Sie uns an: +31 222 319588. Wir helfen Ihnen so schnell wie m\u00f6glich!<\/strong><\/p>\n<p><img loading=\"lazy\" decoding=\"async\" class=\"alignnone wp-image-17413 size-large\" src=\"https:\/\/www.fietsverhuurtexel.nl\/wp-content\/uploads\/2020\/09\/reparatie-1024x683.jpg\" alt=\"\" width=\"1024\" height=\"683\" srcset=\"https:\/\/www.fietsverhuurtexel.nl\/wp-content\/uploads\/2020\/09\/reparatie-1024x683.jpg 1024w, https:\/\/www.fietsverhuurtexel.nl\/wp-content\/uploads\/2020\/09\/reparatie-300x200.jpg 300w, https:\/\/www.fietsverhuurtexel.nl\/wp-content\/uploads\/2020\/09\/reparatie-768x512.jpg 768w, https:\/\/www.fietsverhuurtexel.nl\/wp-content\/uploads\/2020\/09\/reparatie-1536x1024.jpg 1536w, https:\/\/www.fietsverhuurtexel.nl\/wp-content\/uploads\/2020\/09\/reparatie.jpg 1600w\" sizes=\"auto, (max-width: 1024px) 100vw, 1024px\" \/><\/p>\n<p>Rijwielverhuur Veerhaven Texel<br \/>\nPontweg 2<br \/>\n1797 SR Den Hoorn<br \/>\nTel. +31-222-319588<\/p>\n","protected":false},"excerpt":{"rendered":"<p>Fietsverhuur Veerhaven Texel Pontweg 2 1797 SR Den Hoorn Die Niederlande Tel. 0031-0222-319588 WhatsApp Business: Stuur ons WhatsApp bericht E-Mail: info@fietsverhuurtexel.nl \u00d6ffnungszeiten Monat pro Woche ge\u00f6ffnet M\u00e4rz 7 Tage 8.50 Uhr &#8211; 17.00 Uhr April bis zum Sept 7 Tage 8.50 Uhr &#8211; 17.00 Uhr Oct 7 Tage 8.50 Uhr &#8211; 17.00 Uhr Nov bis [&hellip;]<\/p>\n","protected":false},"author":8,"featured_media":0,"parent":0,"menu_order":0,"comment_status":"open","ping_status":"open","template":"","meta":{"_seopress_robots_primary_cat":"","_seopress_titles_title":"","_seopress_titles_desc":"","_seopress_robots_index":"","_genesis_hide_title":false,"_genesis_hide_breadcrumbs":false,"_genesis_hide_singular_image":false,"_genesis_hide_footer_widgets":false,"_genesis_custom_body_class":"","_genesis_custom_post_class":"","_genesis_layout":"","ngg_post_thumbnail":0,"_joinchat":[],"footnotes":""},"class_list":{"0":"post-16899","1":"page","2":"type-page","3":"status-publish","5":"entry","6":"has-post-thumbnail"},"_links":{"self":[{"href":"https:\/\/www.fietsverhuurtexel.nl\/de\/wp-json\/wp\/v2\/pages\/16899","targetHints":{"allow":["GET"]}}],"collection":[{"href":"https:\/\/www.fietsverhuurtexel.nl\/de\/wp-json\/wp\/v2\/pages"}],"about":[{"href":"https:\/\/www.fietsverhuurtexel.nl\/de\/wp-json\/wp\/v2\/types\/page"}],"author":[{"embeddable":true,"href":"https:\/\/www.fietsverhuurtexel.nl\/de\/wp-json\/wp\/v2\/users\/8"}],"replies":[{"embeddable":true,"href":"https:\/\/www.fietsverhuurtexel.nl\/de\/wp-json\/wp\/v2\/comments?post=16899"}],"version-history":[{"count":7,"href":"https:\/\/www.fietsverhuurtexel.nl\/de\/wp-json\/wp\/v2\/pages\/16899\/revisions"}],"predecessor-version":[{"id":19445,"href":"https:\/\/www.fietsverhuurtexel.nl\/de\/wp-json\/wp\/v2\/pages\/16899\/revisions\/19445"}],"wp:attachment":[{"href":"https:\/\/www.fietsverhuurtexel.nl\/de\/wp-json\/wp\/v2\/media?parent=16899"}],"curies":[{"name":"wp","href":"https:\/\/api.w.org\/{rel}","templated":true}]}}