{"id":16721,"date":"2020-03-11T11:14:18","date_gmt":"2020-03-11T10:14:18","guid":{"rendered":"https:\/\/www.fietsverhuurtexel.nl\/?page_id=16721"},"modified":"2026-02-12T16:00:25","modified_gmt":"2026-02-12T15:00:25","slug":"fahrradverleih-veerhaven-texel","status":"publish","type":"page","link":"https:\/\/www.fietsverhuurtexel.nl\/de\/","title":{"rendered":"Zweiradverleih Veerhaven Texel"},"content":{"rendered":"<div style=\"background: #0f6b3a;padding: 18px 20px;border-radius: 10px;margin-bottom: 18px\">\n<h1 style=\"margin: 0;color: #ffffff;font-size: 28px;font-weight: bold\">Mieten Sie direkt bei Ankunft auf Texel ein Fahrrad<\/h1>\n<\/div>\n<p><!-- BUTTON --><\/p>\n<p style=\"margin: 0 0 16px 0\">\n  <a style=\"padding: 12px 22px;font-size: 15px;font-weight: bold;background: #137a3a;color: #fff;border-radius: 8px;text-decoration: none;margin-right: 10px\" href=\"https:\/\/shop.tilia.app\/23\/fietsverhuurtexel\">Direkt reservieren<\/a>\n<\/p>\n<div style=\"background: #f4f7f5;border-left: 5px solid #137a3a;padding: 12px 14px;border-radius: 6px;margin-bottom: 14px\">\nOnline einfach reservieren.<strong><br \/>\nAbholung:<\/strong>&nbsp;09:00 \u2013 17:00<br \/>\n<strong>R\u00fcckgabe:<\/strong>&nbsp;sp\u00e4testens 21:00\n<\/div>\n<div>&nbsp;<\/div>\n<p><a style=\"padding: 10px 18px;font-size: 14px;font-weight: bold;background: #0f6b3a;color: #fff;border-radius: 8px;text-decoration: none;margin-right: 10px\" href=\"https:\/\/shop.tilia.app\/23\/fietsverhuurtexel\">Fahrrad liefern lassen<\/a><\/p>\n<div style=\"background: #f4f7f5;border-left: 5px solid #137a3a;padding: 12px 14px;border-radius: 6px;margin-bottom: 14px\">\nWir liefern ab 12:00 Uhr und holen ab 15:30 Uhr ab (sp\u00e4testens 17:30 Uhr am letzten Miettag).<br \/>\n<strong>F\u00fcr elektrische Lastenr\u00e4der:<\/strong>&nbsp;Lieferzuschlag \u20ac20 (Zahlungslink nach der Reservierung).<br \/>\n<strong>Adresse nicht in der Liste?<\/strong>&nbsp;W\u00e4hlen Sie \u201eDagje Texel\u201c und mailen Sie uns Ihre Adresse mit Reservierungsnummer.<br \/>\n<strong style=\"color: #137a3a\">Wir liefern auf der ganzen Insel!<\/strong>\n<\/div>\n<div>&nbsp;<\/div>\n<p><a style=\"padding: 10px 18px;font-size: 14px;font-weight: bold;background: #0f6b3a;color: #fff;border-radius: 8px;text-decoration: none\" href=\"https:\/\/shop.tilia.app\/23\/cocksdorp\">Fahrrad abholen \u2013 De Cocksdorp<\/a><\/p>\n<div style=\"background: #f4f7f5;border-left: 5px solid #137a3a;padding: 12px 14px;border-radius: 6px;margin-bottom: 14px\">\n<span style=\"background-color: #ffffff\">Unser Standort in De Cocksdorp ist nach Vereinbarung ge\u00f6ffnet.<\/span><br style=\"background-color: #ffffff\"><br \/>\n<span style=\"background-color: #ffffff\">Bitte reservieren Sie und kontaktieren Sie uns, um einen Abholtermin zu vereinbaren.<\/span>\n<\/div>\n<div style=\"background: #f4f7f5;border-left: 5px solid #137a3a;padding: 12px 14px;border-radius: 6px;margin-bottom: 14px\">\n<p><a style=\"padding: 12px 22px;font-size: 15px;font-weight: bold;background: #137a3a;color: #fff;border-radius: 8px;text-decoration: none\" href=\"https:\/\/www.fietsverhuurtexel.nl\/groepsreservering-vanaf-20-personen\/\">Gruppen ab 40 Personen<\/a><\/p>\n<p style=\"margin:12px 0 0 0\">\nF\u00fcr Schulen und Gruppen ab 40 Personen bieten wir attraktive Gruppentarife nach Ma\u00df. Ob Klassenfahrt, Einf\u00fchrungswoche oder Betriebsausflug \u2013 wir sorgen f\u00fcr eine reibungslose Organisation und passende Mobilit\u00e4t f\u00fcr die ganze Gruppe. Wir beraten Sie gerne!\n<\/p>\n<\/div>\n<p>&nbsp;<\/p>\n<p><!-- GEP\u00c4CKTRANSPORT --><\/p>\n<div style=\"background: #0f6b3a;padding: 14px 18px;border-radius: 8px;margin: 20px 0 10px 0\">\n<h1 style=\"margin: 0;color: #fff;font-size: 22px\">Gep\u00e4cktransport anfragen:<\/h1>\n<\/div>\n<ol>\n<li>Erstellen Sie eine Buchung.<\/li>\n<li>Senden Sie eine E-Mail an <a href=\"mailto:info@fietsverhuurtexel.nl\">info@fietsverhuurtexel.nl<\/a> mit Ihrer Reservierungsnummer und Unterkunftsadresse.<\/li>\n<li>Bezahlen Sie die Transportkosten von \u20ac15.<\/li>\n<li>Sie erhalten von uns eine endg\u00fcltige Best\u00e4tigung.<\/li>\n<\/ol>\n<div style=\"background: #0f6b3a;padding: 14px 18px;border-radius: 8px;margin: 20px 0 10px 0\">\n<h2 style=\"margin: 0;color: #fff\">Verschenken Sie einen Tag Texel!<\/h2>\n<\/div>\n<p>Bestellen Sie einen Gutschein \u00fcber <a href=\"mailto:info@fietsverhuurtexel.nl\">info@fietsverhuurtexel.nl<\/a><\/p>\n<div style=\"background: #0f6b3a;padding: 14px 18px;border-radius: 8px;margin: 20px 0 10px 0\">\n<h2 style=\"margin: 0;color: #fff\">Pannenservice f\u00fcr Mietfahrr\u00e4der<\/h2>\n<\/div>\n<p>Haben Sie eine Panne? Rufen Sie uns zwischen 09:00\u201317:00 Uhr an: <a href=\"tel:0031222319588\">0222-319588<\/a><br \/>\noder WhatsApp bis 20:00 Uhr an: 06 474 307 68.<\/p>\n<div style=\"background: #0f6b3a;padding: 14px 18px;border-radius: 8px;margin: 20px 0 10px 0\">\n<h2 style=\"margin: 0;color: #fff\">Reparatur &amp; Wartung<\/h2>\n<\/div>\n<p>Ben\u00f6tigt Ihr Fahrrad eine Reparatur oder Wartung?<br \/>\nF\u00fcllen Sie das Formular \u00fcber den folgenden Link aus.<\/p>\n<p><a style=\"padding: 12px 22px;font-size: 15px;font-weight: bold;background: #137a3a;color: #fff;border-radius: 8px;text-decoration: none\" href=\"https:\/\/www.fietsverhuurtexel.nl\/werkplaats\/\">Reparatur oder Wartung n\u00f6tig?<br \/>\n<\/a><\/p>\n<p><!-- Preistabelle (unver\u00e4ndert) --><\/p>\n<table dir=\"ltr\" style=\"border-collapse: collapse;margin-top: 30px\" border=\"1\" cellspacing=\"0\" cellpadding=\"5\">\n<colgroup>\n<col width=\"211\">\n<col width=\"172\">\n<col width=\"179\"> <\/colgroup>\n<tbody>\n<tr>\n<td>Fahrrad<br \/>\n1 Tag \u20ac 12,50<br \/>\n2 Tage \u20ac 22,50<br \/>\n3 Tage \u20ac 29,50<br \/>\n4 Tage \u20ac 36,50<br \/>\n5 Tage \u20ac 40,00<br \/>\n6 Tage \u20ac 42,50<br \/>\n7 Tage \u20ac 45,00<br \/>\nJeder weitere Tag + \u20ac 5,00<\/td>\n<td>Elektrisches Fahrrad<br \/>\n1 Tag \u20ac 27,00<br \/>\n2 Tage \u20ac 49,00<br \/>\n3 Tage \u20ac 65,50<br \/>\n4 Tage \u20ac 83,00<br \/>\n5 Tage \u20ac 93,00<br \/>\n6 Tage \u20ac 98,00<br \/>\n7 Tage \u20ac 103,00<br \/>\nJeder weitere Tag + \u20ac 12,00<\/td>\n<td>Kinderfahrrad bis 12 Jahre<br \/>\n1 Tag \u20ac 10,00<br \/>\n2 Tage \u20ac 18,00<br \/>\n3 Tage \u20ac 25,00<br \/>\n4 Tage \u20ac 31,00<br \/>\n5 Tage \u20ac 36,00<br \/>\n6 Tage \u20ac 39,50<br \/>\n7 Tage \u20ac 43,00<br \/>\nJeder weitere Tag + \u20ac 3,50<\/td>\n<\/tr>\n<tr>\n<td>&nbsp;<\/td>\n<td>&nbsp;<\/td>\n<td>&nbsp;<\/td>\n<\/tr>\n<tr>\n<td>Elektrisches Lastenrad<br \/>\n1 Tag \u20ac 49,50<br \/>\n2 Tage \u20ac 87,00<br \/>\n3 Tage \u20ac 122,50<br \/>\n4 Tage \u20ac 152,50<br \/>\n5 Tage \u20ac 177,50<br \/>\n6 Tage \u20ac 202,50<br \/>\n7 Tage \u20ac 217,50<br \/>\nJeder weitere Tag + \u20ac 20,00<\/td>\n<td>Elektrisches Hundelastenrad<br \/>\n1 Tag \u20ac 49,50<br \/>\n2 Tage \u20ac 87,00<br \/>\n3 Tage \u20ac 122,50<br \/>\n4 Tage \u20ac 152,50<br \/>\n5 Tage \u20ac 177,50<br \/>\n6 Tage \u20ac 202,50<br \/>\n7 Tage \u20ac 217,50<br \/>\nJeder weitere Tag + \u20ac 20,00<\/td>\n<td>Elektrisches Eltern-Kind Tandem<br \/>\n1 Tag \u20ac 49,50<br \/>\n2 Tage \u20ac 87,00<br \/>\n3 Tage \u20ac 122,50<br \/>\n4 Tage \u20ac 152,50<br \/>\n5 Tage \u20ac 177,50<br \/>\n6 Tage \u20ac 202,50<br \/>\n7 Tage \u20ac 217,50<br \/>\nJeder weitere Tag + \u20ac 20,00<\/td>\n<\/tr>\n<tr>\n<td>Scooter<br \/>\n1 Tag \u20ac55<br \/>\n2 Tage \u20ac 90,00<br \/>\n3 Tage \u20ac 125,00<br \/>\n4 Tage \u20ac 160,00<br \/>\n5 Tage \u20ac 195,00<br \/>\n6 Tage \u20ac 230,00<br \/>\n7 Tage \u20ac 265,00<br \/>\nJeder weitere tag + \u20ac 35,00<\/td>\n<td>&nbsp;<\/td>\n<td>&nbsp;<\/td>\n<\/tr>\n<tr>\n<td>Eltern-Kind Tandem<br \/>\n1 Tag \u20ac 25,00<br \/>\n2 Tage \u20ac 45,00<br \/>\n3 Tage \u20ac 60,00<br \/>\n4 Tage \u20ac 74,00<br \/>\n5 Tage \u20ac 80,00<br \/>\n6 Tage \u20ac 85,00<br \/>\n7 Tage \u20ac 90,00<br \/>\nJeder weitere Tag + \u20ac<\/td>\n<\/tr>\n<\/tbody>\n<\/table>\n","protected":false},"excerpt":{"rendered":"<p>Mieten Sie direkt bei Ankunft auf Texel ein Fahrrad Direkt reservieren Online einfach reservieren. Abholung:&nbsp;09:00 \u2013 17:00 R\u00fcckgabe:&nbsp;sp\u00e4testens 21:00 &nbsp; Fahrrad liefern lassen Wir liefern ab 12:00 Uhr und holen ab 15:30 Uhr ab (sp\u00e4testens 17:30 Uhr am letzten Miettag). F\u00fcr elektrische Lastenr\u00e4der:&nbsp;Lieferzuschlag \u20ac20 (Zahlungslink nach der Reservierung). Adresse nicht in der Liste?&nbsp;W\u00e4hlen Sie \u201eDagje [&hellip;]<\/p>\n","protected":false},"author":8,"featured_media":0,"parent":0,"menu_order":0,"comment_status":"open","ping_status":"open","template":"","meta":{"_seopress_robots_primary_cat":"","_seopress_titles_title":"","_seopress_titles_desc":"","_seopress_robots_index":"","_genesis_hide_title":false,"_genesis_hide_breadcrumbs":false,"_genesis_hide_singular_image":false,"_genesis_hide_footer_widgets":false,"_genesis_custom_body_class":"","_genesis_custom_post_class":"","_genesis_layout":"","ngg_post_thumbnail":0,"_joinchat":[],"footnotes":""},"class_list":{"0":"post-16721","1":"page","2":"type-page","3":"status-publish","5":"entry","6":"has-post-thumbnail"},"_links":{"self":[{"href":"https:\/\/www.fietsverhuurtexel.nl\/de\/wp-json\/wp\/v2\/pages\/16721","targetHints":{"allow":["GET"]}}],"collection":[{"href":"https:\/\/www.fietsverhuurtexel.nl\/de\/wp-json\/wp\/v2\/pages"}],"about":[{"href":"https:\/\/www.fietsverhuurtexel.nl\/de\/wp-json\/wp\/v2\/types\/page"}],"author":[{"embeddable":true,"href":"https:\/\/www.fietsverhuurtexel.nl\/de\/wp-json\/wp\/v2\/users\/8"}],"replies":[{"embeddable":true,"href":"https:\/\/www.fietsverhuurtexel.nl\/de\/wp-json\/wp\/v2\/comments?post=16721"}],"version-history":[{"count":12,"href":"https:\/\/www.fietsverhuurtexel.nl\/de\/wp-json\/wp\/v2\/pages\/16721\/revisions"}],"predecessor-version":[{"id":19757,"href":"https:\/\/www.fietsverhuurtexel.nl\/de\/wp-json\/wp\/v2\/pages\/16721\/revisions\/19757"}],"wp:attachment":[{"href":"https:\/\/www.fietsverhuurtexel.nl\/de\/wp-json\/wp\/v2\/media?parent=16721"}],"curies":[{"name":"wp","href":"https:\/\/api.w.org\/{rel}","templated":true}]}}